{"id":5,"date":"2014-04-10T10:29:32","date_gmt":"2014-04-10T10:29:32","guid":{"rendered":"http:\/\/anaallegue.wordpress.com\/?page_id=1"},"modified":"2024-09-20T11:08:12","modified_gmt":"2024-09-20T11:08:12","slug":"about","status":"publish","type":"page","link":"https:\/\/marketing-lovers.com\/index.php\/about\/","title":{"rendered":"\u00bfDe qu\u00e9 trata este blog?"},"content":{"rendered":"\n<p>En <em>Marketing Lovers<\/em>, nos apasiona el marketing digital y su constante evoluci\u00f3n, pero tambi\u00e9n abarcamos temas clave del mundo laboral y la estrategia empresarial.<\/p>\n\n\n\n<p>Nuestro objetivo es ofrecer contenido actualizado, pr\u00e1ctico y accesible para aquellos que buscan mejorar sus estrategias de marketing, optimizar sus negocios y tomar decisiones informadas en el \u00e1mbito empresarial.<\/p>\n\n\n\n<p>Desde consejos para emprendedores hasta tendencias en redes sociales, SEO, publicidad digital, liderazgo y cultura organizacional, aqu\u00ed encontrar\u00e1s informaci\u00f3n clave para llevar tu proyecto o carrera al siguiente nivel.<\/p>\n\n\n\n<p>\u00a1Si te apasiona el marketing, el mundo laboral y la estrategia empresarial, este es tu lugar! \u00a1Bienvenido!<\/p>\n","protected":false},"excerpt":{"rendered":"<p>En Marketing Lovers, nos apasiona el marketing digital y su constante evoluci\u00f3n, pero tambi\u00e9n abarcamos temas clave del mundo laboral y la estrategia empresarial. Nuestro objetivo es ofrecer contenido actualizado, pr\u00e1ctico y accesible para aquellos que buscan mejorar sus estrategias de marketing, optimizar sus negocios y tomar decisiones informadas en el \u00e1mbito empresarial. Desde consejos [&hellip;]<\/p>\n","protected":false},"author":1,"featured_media":0,"parent":0,"menu_order":0,"comment_status":"closed","ping_status":"open","template":"","meta":{"footnotes":""},"class_list":["post-5","page","type-page","status-publish","hentry"],"_links":{"self":[{"href":"https:\/\/marketing-lovers.com\/index.php\/wp-json\/wp\/v2\/pages\/5","targetHints":{"allow":["GET"]}}],"collection":[{"href":"https:\/\/marketing-lovers.com\/index.php\/wp-json\/wp\/v2\/pages"}],"about":[{"href":"https:\/\/marketing-lovers.com\/index.php\/wp-json\/wp\/v2\/types\/page"}],"author":[{"embeddable":true,"href":"https:\/\/marketing-lovers.com\/index.php\/wp-json\/wp\/v2\/users\/1"}],"replies":[{"embeddable":true,"href":"https:\/\/marketing-lovers.com\/index.php\/wp-json\/wp\/v2\/comments?post=5"}],"version-history":[{"count":2,"href":"https:\/\/marketing-lovers.com\/index.php\/wp-json\/wp\/v2\/pages\/5\/revisions"}],"predecessor-version":[{"id":124,"href":"https:\/\/marketing-lovers.com\/index.php\/wp-json\/wp\/v2\/pages\/5\/revisions\/124"}],"wp:attachment":[{"href":"https:\/\/marketing-lovers.com\/index.php\/wp-json\/wp\/v2\/media?parent=5"}],"curies":[{"name":"wp","href":"https:\/\/api.w.org\/{rel}","templated":true}]}}